{"id":13,"date":"2023-01-10T14:11:29","date_gmt":"2023-01-10T13:11:29","guid":{"rendered":"http:\/\/www2.ueli-faehri.ch\/?page_id=13"},"modified":"2026-01-11T12:59:29","modified_gmt":"2026-01-11T11:59:29","slug":"homepage","status":"publish","type":"page","link":"https:\/\/www.ueli-faehri.ch\/","title":{"rendered":"Homepage"},"content":{"rendered":"<p>[et_pb_section fb_built=&#187;1&#8243; fullwidth=&#187;on&#187; _builder_version=&#187;4.17.4&#8243; _module_preset=&#187;default&#187; global_colors_info=&#187;{}&#187;][et_pb_fullwidth_image src=&#187;https:\/\/www.ueli-faehri.ch\/wp-content\/uploads\/2026\/01\/Ueli_2026_web-scaled.jpg&#187; title_text=&#187;Ueli_2026_web&#187; _builder_version=&#187;4.17.4&#8243; _module_preset=&#187;default&#187; global_colors_info=&#187;{}&#187;][\/et_pb_fullwidth_image][\/et_pb_section][et_pb_section fb_built=&#187;1&#8243; _builder_version=&#187;4.17.4&#8243; _module_preset=&#187;default&#187; global_colors_info=&#187;{}&#187;][et_pb_row _builder_version=&#187;4.17.4&#8243; _module_preset=&#187;default&#187; global_colors_info=&#187;{}&#187;][et_pb_column type=&#187;4_4&#8243; _builder_version=&#187;4.17.4&#8243; _module_preset=&#187;default&#187; global_colors_info=&#187;{}&#187;][et_pb_text _builder_version=&#187;4.17.4&#8243; _module_preset=&#187;default&#187; global_colors_info=&#187;{}&#187;]<\/p>\n<h2>Herzlich Willkommen auf der Webseite der Ueli-F\u00e4hre<\/h2>\n<p>[\/et_pb_text][\/et_pb_column][\/et_pb_row][et_pb_row column_structure=&#187;1_2,1_2&#8243; _builder_version=&#187;4.17.4&#8243; _module_preset=&#187;default&#187; global_colors_info=&#187;{}&#187;][et_pb_column type=&#187;1_2&#8243; _builder_version=&#187;4.17.4&#8243; _module_preset=&#187;default&#187; global_colors_info=&#187;{}&#187;][et_pb_text _builder_version=&#187;4.17.4&#8243; _module_preset=&#187;default&#187; width=&#187;100%&#187; hover_enabled=&#187;0&#8243; global_colors_info=&#187;{}&#187; sticky_enabled=&#187;0&#8243;]<\/p>\n<h3>Fahrpreise<\/h3>\n<ul>\n<li>Erwachsene CHF 2.00 pro \u00dcberfahrt<\/li>\n<li>Kinder, Hunde, Velos CHF 1.00 pro \u00dcberfahrt<\/li>\n<li><strong>Schulklassen, Kinderkrippen und Tagesheime<\/strong>\n<ul>\n<li>Kinder unter 12 Jahren CHF 0.80<\/li>\n<li>Kinder ab 12 Jahren und Begleitpersonen CHF 1.60<\/li>\n<li>Dieser Tarif gilt auch f\u00fcr Rollstuhlfahrer mit Begleitperson.<\/li>\n<\/ul>\n<\/li>\n<li><strong>TNW- oder SBB-Tickets sind auf der F\u00e4hri nicht g\u00fcltig, dasselbe gilt f\u00fcr die BaselCard.<\/strong><\/li>\n<\/ul>\n<ul>\n<li>Abos \u00e0 20 Fahrten sind f\u00fcr CHF 36.- auf den F\u00e4hren und <span>f\u00fcr CHF 38.- <\/span>an folgenden Verkaufspunkten erh\u00e4ltlich:<br \/><a href=\"http:\/\/faehri-1.klixa.work\/produkte\/\" target=\"_blank\" rel=\"noopener\">F\u00e4hri-Verein<\/a>, <a href=\"https:\/\/proinnerstadtbasel.ch\/\" target=\"_blank\" rel=\"noopener\">StadtKonzeptBasel (Pro Innerstadt Basel)<\/a><\/li>\n<\/ul>\n<p>Alle Angaben in CHF. Preis\u00e4nderungen vorbehalten.<\/p>\n<h3>Sommerfahrplan<\/h3>\n<div>(Beginn Sommerzeit bis Ende Sommerzeit)<\/div>\n<p>T\u00e4glich: 11:00 \u2013 19:00 Uhr<br \/>Bei sch\u00f6nem Wetter auch bis zum Sonnenuntergang.<br \/>Grunds\u00e4tzlich: Wenn das Licht auf dem F\u00e4hridach an ist, ist die F\u00e4hre in Betrieb.<\/p>\n<h3>Winterfahrplan<\/h3>\n<div>(Beginn Winterzeit bis Ende Winterzeit)<\/div>\n<div>Montag-Freitag: 14:00 &#8211; 16:00 (nur bei sonnigem Wetter)<\/div>\n<p>Sa.\/So. und Feiertage 11:00 &#8211; 17:00 Uhr.<\/p>\n<p>[\/et_pb_text][et_pb_text _builder_version=&#187;4.17.4&#8243; _module_preset=&#187;default&#187; width=&#187;100%&#187; global_colors_info=&#187;{}&#187;]<\/p>\n<h3>Zug\u00e4nglichkeit (Rollstuhl\/Kinderwagen)<\/h3>\n<p>Die St. Johann-F\u00e4hre ist als einzige beidseits des Rheins f\u00fcr Rollstuhlfahrer und Kinderwagen bequem und sicher erreichbar, f\u00fcr schwere Rollst\u00fchle sind spezielle Schienen vorhanden.<\/p>\n<p>Sonderkonditionen f\u00fcr soziale Projekte und Events.<\/p>\n<h4>Hunde<\/h4>\n<p>Sind willkommen und bekommen frisches Wasser.<\/p>\n<h4>Rauchen<\/h4>\n<p>Auf dem Aussendeck darf geraucht werden.<\/p>\n<p>&nbsp;<\/p>\n<h3>Zahlungsm\u00f6glichkeiten<\/h3>\n<p>Auf der Ueli-F\u00e4hri kann in bar (CHF\/EUR) oder mit TWINT bezahlt werden. Dies gilt auch f\u00fcr Sonderfahrten (Fondue, Ap\u00e9ro etc.), welche direkt am Anlass zu bezahlen sind; es werden keine Rechnungen ausgestellt.[\/et_pb_text][et_pb_text _builder_version=&#187;4.17.4&#8243; _module_preset=&#187;default&#187; width=&#187;100%&#187; global_colors_info=&#187;{}&#187;]<\/p>\n<h3>Hochwasser<\/h3>\n<p>Kein Fahrbetrieb bei Hochwasser (ab 7.90 m).[\/et_pb_text][\/et_pb_column][et_pb_column type=&#187;1_2&#8243; _builder_version=&#187;4.17.4&#8243; _module_preset=&#187;default&#187; global_colors_info=&#187;{}&#187;][et_pb_text _builder_version=&#187;4.17.4&#8243; _module_preset=&#187;default&#187; global_colors_info=&#187;{}&#187;]<\/p>\n<h3>F\u00e4hre mieten<\/h3>\n<p>Die F\u00e4hre kann grunds\u00e4tzlich ausserhalb der Betriebszeiten f\u00fcr Ap\u00e9ros, Fondues, Hochzeitssegnungen, Taufen, Urnenbeisetzungen (siehe Hinweis weiter unten) an allen Wochentagen gemietet werden. Abweichungen sind nach Absprache m\u00f6glich.<br \/>\nMietkosten erste Stunde CHF 150.-, jede weitere Stunde CHF 100.-<br \/>\nDie Mietpreise verstehen sich exkl. Konsumation.<\/p>\n<h4>Auf der Ueli-F\u00e4hre gilt f\u00fcr Reservationen:<\/h4>\n<h4>W\u00e4hrend der offiziellen Betriebszeiten<\/h4>\n<p>Nur von Montag bis Freitag m\u00f6glich (ausser w\u00e4hrend der Basler Fasnacht \u2013 Winterfahrplan). W\u00e4hrend der Herbstmesse im Gegensatz zu den anderen F\u00e4hren m\u00f6glich.<br \/>\nMaximal 10 Personen, weil die F\u00e4hre zur gleichen Zeit weitere Passagiere bef\u00f6rdert.&nbsp;Die F\u00e4hre ist folglich nicht ausschliesslich f\u00fcr die Gesellschaft geschlossen.<\/p>\n<h4>Ausserhalb der offiziellen Betriebszeiten<\/h4>\n<p>Bis 16 Personen, maximal 12 Personen im Innenbereich der F\u00e4hre.<br \/>\nDie F\u00e4hre bietet f\u00fcr kleinere Gruppen bis 12 Personen einen grossen Tisch im Innenbereich.<\/p>\n<h4>Hochzeiten\/Taufen\/Urnenbeisetzungen<\/h4>\n<p>Ausserhalb der regul\u00e4ren Fahrzeiten m\u00f6glich. Pauschale CHF 150.-<\/p>\n<p><span>Urnenbeisetzungen sind das ganze Jahr \u00fcber m\u00f6glich, jedoch von Mai bis September ausschliesslich am Vormittag. Von Oktober bis April auch abends m\u00f6glich.&nbsp;<\/span>[\/et_pb_text][et_pb_text _builder_version=&#187;4.17.4&#8243; _module_preset=&#187;default&#187; custom_margin=&#187;||1px||false|false&#187; global_colors_info=&#187;{}&#187;]<\/p>\n<h3>Verpflegung\/Getr\u00e4nke<\/h3>\n<p>[\/et_pb_text][et_pb_image src=&#187;https:\/\/www.ueli-faehri.ch\/wp-content\/uploads\/2023\/01\/Preisliste_Ueli_klein.png&#187; title_text=&#187;Preisliste_Ueli_klein&#187; url=&#187;https:\/\/www.ueli-faehri.ch\/wp-content\/uploads\/2023\/10\/Getraenkekarte_Uelifaehri_2023_10.pdf&#187; url_new_window=&#187;on&#187; _builder_version=&#187;4.17.4&#8243; _module_preset=&#187;default&#187; global_colors_info=&#187;{}&#187;][\/et_pb_image][et_pb_text _builder_version=&#187;4.17.4&#8243; _module_preset=&#187;default&#187; custom_margin=&#187;0px||0px||false|false&#187; global_colors_info=&#187;{}&#187;]Angebot und Preisliste siehe <span><a href=\"https:\/\/www.ueli-faehri.ch\/wp-content\/uploads\/2023\/10\/Getraenkekarte_Uelifaehri_2023_10.pdf\" target=\"_blank\" rel=\"noopener\">PDF<\/a><\/span>.<\/p>\n<h4>K\u00e4sefondue auf der F\u00e4hre<\/h4>\n<p><span>Die Fonduesaison startet im Oktober und endet im M\u00e4rz.<\/span><\/p>\n<p><strong>Mindestanzahl 6 Personen, maximal 12 Personen.&nbsp;<\/strong><br \/>\nEin gutes K\u00e4se-Fondue wird vom F\u00e4hrimaa vorbereitet. Die Gesellschaft r\u00fchrt und w\u00fcrzt den K\u00e4se nach ihrem Geschmack. Preisliste siehe oben.<\/p>\n<h3>Sponsoring Gratistage f\u00fcr die Bev\u00f6lkerung<br \/>\n(nur ganzt\u00e4gig m\u00f6glich)<\/h3>\n<p>An Wochentagen CHF 100.- pro Stunde An Wochenenden und Feiertagen CHF 200.- pro Stunde.<br \/>\nNicht m\u00f6glich w\u00e4hrend der Basler Fasnacht, des Basel Tattoo und der Herbstmesse!<br \/>\nF\u00fcr Anfragen wenden Sie sich bitte an Michael Sackmann.[\/et_pb_text][\/et_pb_column][\/et_pb_row][et_pb_row _builder_version=&#187;4.17.4&#8243; _module_preset=&#187;default&#187; global_colors_info=&#187;{}&#187;][et_pb_column type=&#187;4_4&#8243; _builder_version=&#187;4.17.4&#8243; _module_preset=&#187;default&#187; global_colors_info=&#187;{}&#187;][et_pb_text _builder_version=&#187;4.17.4&#8243; _module_preset=&#187;default&#187; global_colors_info=&#187;{}&#187;]<\/p>\n<h2>Kontakt<\/h2>\n<p><span><strong>Alle Anfragen (Reservation, Urnenbestattungen usw.) bitte via Kontaktformular, Sie erhalten eine Antwort innerhalb von 2 Tagen.<\/strong><\/span><\/p>\n<p>[\/et_pb_text][\/et_pb_column][\/et_pb_row][et_pb_row column_structure=&#187;2_5,3_5&#8243; _builder_version=&#187;4.17.4&#8243; _module_preset=&#187;default&#187; global_colors_info=&#187;{}&#187;][et_pb_column type=&#187;2_5&#8243; _builder_version=&#187;4.17.4&#8243; _module_preset=&#187;default&#187; global_colors_info=&#187;{}&#187;][et_pb_text _builder_version=&#187;4.17.4&#8243; _module_preset=&#187;default&#187; global_colors_info=&#187;{}&#187;]<\/p>\n<h2>P\u00e4chter<\/h2>\n<p>[\/et_pb_text][et_pb_image src=&#187;https:\/\/www.ueli-faehri.ch\/wp-content\/uploads\/2023\/01\/Sackmann_Michael_005_BB_WEB.jpg&#187; title_text=&#187;Sackmann_Michael_005_BB_WEB&#187; _builder_version=&#187;4.17.4&#8243; _module_preset=&#187;default&#187; width=&#187;44%&#187; global_colors_info=&#187;{}&#187;][\/et_pb_image][et_pb_text _builder_version=&#187;4.17.4&#8243; _module_preset=&#187;default&#187; global_colors_info=&#187;{}&#187;]<\/p>\n<p>Michael Sackmann<\/p>\n<p>ueli@faehri.ch<b><br \/>+41 76 437 70 25<br \/>(erreichbar 8-18 Uhr an Werktagen)<\/b><\/p>\n<p>[\/et_pb_text][\/et_pb_column][et_pb_column type=&#187;3_5&#8243; _builder_version=&#187;4.17.4&#8243; _module_preset=&#187;default&#187; global_colors_info=&#187;{}&#187;][et_pb_contact_form email=&#187;ueli@faehri.ch&#187; title=&#187;Anfrage&#187; custom_message=&#187;Anfrage \u00fcber die Ueli-Website||et_pb_line_break_holder||Betreff: %%Betreff%%||et_pb_line_break_holder||Name: %%Name%%||et_pb_line_break_holder||Datum (Reservationsanfrage): %%Datum%%||et_pb_line_break_holder||E-Mail-Adresse: %%Email%%||et_pb_line_break_holder||Telefon: %%Phone%%||et_pb_line_break_holder||Mitteilung\/Anfrage:||et_pb_line_break_holder||%%Message%%&#187; success_message=&#187;Ihre Anfrage wurde gespeichert, vielen Dank!&#187; submit_button_text=&#187;Senden&#187; _builder_version=&#187;4.17.4&#8243; _module_preset=&#187;default&#187; _unique_id=&#187;ce08e7be-423d-491d-9a23-92c955c9618c&#187; global_colors_info=&#187;{}&#187;][et_pb_contact_field field_id=&#187;Betreff&#187; field_title=&#187;Betreff&#187; fullwidth_field=&#187;on&#187; _builder_version=&#187;4.17.4&#8243; _module_preset=&#187;default&#187; global_colors_info=&#187;{}&#187;][\/et_pb_contact_field][et_pb_contact_field field_id=&#187;Name&#187; field_title=&#187;Name&#187; fullwidth_field=&#187;on&#187; _builder_version=&#187;4.17.4&#8243; global_colors_info=&#187;{}&#187; button_text_size__hover_enabled=&#187;off&#187; button_one_text_size__hover_enabled=&#187;off&#187; button_two_text_size__hover_enabled=&#187;off&#187; button_text_color__hover_enabled=&#187;off&#187; button_one_text_color__hover_enabled=&#187;off&#187; button_two_text_color__hover_enabled=&#187;off&#187; button_border_width__hover_enabled=&#187;off&#187; button_one_border_width__hover_enabled=&#187;off&#187; button_two_border_width__hover_enabled=&#187;off&#187; button_border_color__hover_enabled=&#187;off&#187; button_one_border_color__hover_enabled=&#187;off&#187; button_two_border_color__hover_enabled=&#187;off&#187; button_border_radius__hover_enabled=&#187;off&#187; button_one_border_radius__hover_enabled=&#187;off&#187; button_two_border_radius__hover_enabled=&#187;off&#187; button_letter_spacing__hover_enabled=&#187;off&#187; button_one_letter_spacing__hover_enabled=&#187;off&#187; button_two_letter_spacing__hover_enabled=&#187;off&#187; button_bg_color__hover_enabled=&#187;off&#187; button_one_bg_color__hover_enabled=&#187;off&#187; button_two_bg_color__hover_enabled=&#187;off&#187;][\/et_pb_contact_field][et_pb_contact_field field_id=&#187;Datum&#187; field_title=&#187;Datum (Reservationsanfrage)&#187; fullwidth_field=&#187;on&#187; _builder_version=&#187;4.17.4&#8243; _module_preset=&#187;default&#187; global_colors_info=&#187;{}&#187;][\/et_pb_contact_field][et_pb_contact_field field_id=&#187;Email&#187; field_title=&#187;E-Mail Adresse&#187; field_type=&#187;email&#187; _builder_version=&#187;4.17.4&#8243; global_colors_info=&#187;{}&#187; button_text_size__hover_enabled=&#187;off&#187; button_one_text_size__hover_enabled=&#187;off&#187; button_two_text_size__hover_enabled=&#187;off&#187; button_text_color__hover_enabled=&#187;off&#187; button_one_text_color__hover_enabled=&#187;off&#187; button_two_text_color__hover_enabled=&#187;off&#187; button_border_width__hover_enabled=&#187;off&#187; button_one_border_width__hover_enabled=&#187;off&#187; button_two_border_width__hover_enabled=&#187;off&#187; button_border_color__hover_enabled=&#187;off&#187; button_one_border_color__hover_enabled=&#187;off&#187; button_two_border_color__hover_enabled=&#187;off&#187; button_border_radius__hover_enabled=&#187;off&#187; button_one_border_radius__hover_enabled=&#187;off&#187; button_two_border_radius__hover_enabled=&#187;off&#187; button_letter_spacing__hover_enabled=&#187;off&#187; button_one_letter_spacing__hover_enabled=&#187;off&#187; button_two_letter_spacing__hover_enabled=&#187;off&#187; button_bg_color__hover_enabled=&#187;off&#187; button_one_bg_color__hover_enabled=&#187;off&#187; button_two_bg_color__hover_enabled=&#187;off&#187;][\/et_pb_contact_field][et_pb_contact_field field_id=&#187;Phone&#187; field_title=&#187;Telefonnummer&#187; _builder_version=&#187;4.17.4&#8243; _module_preset=&#187;default&#187; global_colors_info=&#187;{}&#187;][\/et_pb_contact_field][et_pb_contact_field field_id=&#187;Message&#187; field_title=&#187;Mitteilung\/Anfrage&#187; field_type=&#187;text&#187; fullwidth_field=&#187;on&#187; _builder_version=&#187;4.17.4&#8243; global_colors_info=&#187;{}&#187; button_text_size__hover_enabled=&#187;off&#187; button_one_text_size__hover_enabled=&#187;off&#187; button_two_text_size__hover_enabled=&#187;off&#187; button_text_color__hover_enabled=&#187;off&#187; button_one_text_color__hover_enabled=&#187;off&#187; button_two_text_color__hover_enabled=&#187;off&#187; button_border_width__hover_enabled=&#187;off&#187; button_one_border_width__hover_enabled=&#187;off&#187; button_two_border_width__hover_enabled=&#187;off&#187; button_border_color__hover_enabled=&#187;off&#187; button_one_border_color__hover_enabled=&#187;off&#187; button_two_border_color__hover_enabled=&#187;off&#187; button_border_radius__hover_enabled=&#187;off&#187; button_one_border_radius__hover_enabled=&#187;off&#187; button_two_border_radius__hover_enabled=&#187;off&#187; button_letter_spacing__hover_enabled=&#187;off&#187; button_one_letter_spacing__hover_enabled=&#187;off&#187; button_two_letter_spacing__hover_enabled=&#187;off&#187; button_bg_color__hover_enabled=&#187;off&#187; button_one_bg_color__hover_enabled=&#187;off&#187; button_two_bg_color__hover_enabled=&#187;off&#187;][\/et_pb_contact_field][\/et_pb_contact_form][\/et_pb_column][\/et_pb_row][\/et_pb_section][et_pb_section fb_built=&#187;1&#8243; fullwidth=&#187;on&#187; _builder_version=&#187;4.17.4&#8243; _module_preset=&#187;default&#187; global_colors_info=&#187;{}&#187;][et_pb_fullwidth_image src=&#187;https:\/\/www.ueli-faehri.ch\/wp-content\/uploads\/2023\/01\/Karte_Basel_Faehren_Ueli.png&#187; title_text=&#187;Karte_Basel_Faehren_Ueli&#187; _builder_version=&#187;4.17.4&#8243; _module_preset=&#187;default&#187; global_colors_info=&#187;{}&#187;][\/et_pb_fullwidth_image][\/et_pb_section]<\/p>\n","protected":false},"excerpt":{"rendered":"<p>Herzlich Willkommen auf der Webseite der Ueli-F\u00e4hreFahrpreise Erwachsene CHF 2.00 pro \u00dcberfahrt Kinder, Hunde, Velos CHF 1.00 pro \u00dcberfahrt Schulklassen, Kinderkrippen und Tagesheime Kinder unter 12 Jahren CHF 0.80 Kinder ab 12 Jahren und Begleitpersonen CHF 1.60 Dieser Tarif gilt auch f\u00fcr Rollstuhlfahrer mit Begleitperson. TNW- oder SBB-Tickets sind auf der F\u00e4hri nicht g\u00fcltig, dasselbe [&hellip;]<\/p>\n","protected":false},"author":1,"featured_media":0,"parent":0,"menu_order":0,"comment_status":"closed","ping_status":"closed","template":"","meta":{"_et_pb_use_builder":"on","_et_pb_old_content":"","_et_gb_content_width":"","footnotes":""},"class_list":["post-13","page","type-page","status-publish","hentry"],"_links":{"self":[{"href":"https:\/\/www.ueli-faehri.ch\/index.php?rest_route=\/wp\/v2\/pages\/13","targetHints":{"allow":["GET"]}}],"collection":[{"href":"https:\/\/www.ueli-faehri.ch\/index.php?rest_route=\/wp\/v2\/pages"}],"about":[{"href":"https:\/\/www.ueli-faehri.ch\/index.php?rest_route=\/wp\/v2\/types\/page"}],"author":[{"embeddable":true,"href":"https:\/\/www.ueli-faehri.ch\/index.php?rest_route=\/wp\/v2\/users\/1"}],"replies":[{"embeddable":true,"href":"https:\/\/www.ueli-faehri.ch\/index.php?rest_route=%2Fwp%2Fv2%2Fcomments&post=13"}],"version-history":[{"count":37,"href":"https:\/\/www.ueli-faehri.ch\/index.php?rest_route=\/wp\/v2\/pages\/13\/revisions"}],"predecessor-version":[{"id":128,"href":"https:\/\/www.ueli-faehri.ch\/index.php?rest_route=\/wp\/v2\/pages\/13\/revisions\/128"}],"wp:attachment":[{"href":"https:\/\/www.ueli-faehri.ch\/index.php?rest_route=%2Fwp%2Fv2%2Fmedia&parent=13"}],"curies":[{"name":"wp","href":"https:\/\/api.w.org\/{rel}","templated":true}]}}